    {"id":5542,"date":"2025-03-26T06:13:42","date_gmt":"2025-03-25T23:13:42","guid":{"rendered":"https:\/\/student-activity.binus.ac.id\/himdkv\/?page_id=5542"},"modified":"2025-03-26T06:13:42","modified_gmt":"2025-03-25T23:13:42","slug":"cytotec-colombia-misoprostol-guia-definitiva-de-precios-legalidad-y-uso-seguro","status":"publish","type":"page","link":"https:\/\/student-activity.binus.ac.id\/himdkv\/cytotec-colombia-misoprostol-guia-definitiva-de-precios-legalidad-y-uso-seguro\/","title":{"rendered":"Cytotec Colombia (Misoprostol): Gu\u00eda Definitiva de Precios, Legalidad y Uso Seguro"},"content":{"rendered":"<h2 class=\"\" data-start=\"349\" data-end=\"434\">Lo esencial sobre <strong data-start=\"387\" data-end=\"407\">Cytotec Colombia<\/strong> y <strong data-start=\"410\" data-end=\"434\">Misoprostol Colombia<\/strong><\/h2>\n<p class=\"\" data-start=\"436\" data-end=\"983\">En Colombia, el acceso a medicamentos como <strong data-start=\"479\" data-end=\"490\">Cytotec<\/strong> (nombre comercial del <strong data-start=\"513\" data-end=\"528\">Misoprostol<\/strong>) se ha convertido en una alternativa clave para la <strong data-start=\"580\" data-end=\"626\">Interrupci\u00f3n Voluntaria del Embarazo (IVE)<\/strong>. Muchas mujeres buscan estas tabletas para interrumpir un embarazo de manera segura y, en la mayor\u00eda de los casos, legal, especialmente en zonas donde el acceso a cl\u00ednicas especializadas puede resultar limitado. Entender c\u00f3mo funciona, cu\u00e1les son los protocolos adecuados y la situaci\u00f3n legal es fundamental para tomar una decisi\u00f3n informada y responsable.<\/p>\n<p data-start=\"436\" data-end=\"983\"><a href=\"https:\/\/ayudainterrupcionembarazo.org\/\"><strong>RECIBE ORIENTACI\u00d3N PASO A PASO Y RESOLVER TODAS TUS DUDAS GRATIS CLIC AQUI<\/strong><\/a><\/p>\n<hr class=\"\" data-start=\"1396\" data-end=\"1399\" \/>\n<h2 class=\"\" data-start=\"1401\" data-end=\"1484\">Aspectos m\u00e9dicos: \u00bfC\u00f3mo se utiliza Cytotec para la interrupci\u00f3n del embarazo?<\/h2>\n<p class=\"\" data-start=\"1486\" data-end=\"1844\">El <strong data-start=\"1489\" data-end=\"1504\">Misoprostol<\/strong> (comercializado com\u00fanmente como <strong data-start=\"1537\" data-end=\"1548\">Cytotec<\/strong>) se utiliza en ginecolog\u00eda y obstetricia para provocar contracciones uterinas y dilatar el cuello uterino, facilitando la expulsi\u00f3n del tejido gestacional. Por ello, es un recurso efectivo en el <strong data-start=\"1744\" data-end=\"1787\">aborto farmacol\u00f3gico seguro en Colombia<\/strong>, especialmente durante el primer trimestre de gestaci\u00f3n.<\/p>\n<h3 class=\"\" data-start=\"1846\" data-end=\"1898\">Protocolos de seguridad y dosis recomendadas<\/h3>\n<ul data-start=\"1900\" data-end=\"2617\">\n<li class=\"\" data-start=\"1900\" data-end=\"2227\">\n<p class=\"\" data-start=\"1902\" data-end=\"1938\"><strong data-start=\"1902\" data-end=\"1935\">Dosis y v\u00eda de administraci\u00f3n<\/strong>:<\/p>\n<ul data-start=\"1941\" data-end=\"2227\">\n<li class=\"\" data-start=\"1941\" data-end=\"2144\">\n<p class=\"\" data-start=\"1943\" data-end=\"2144\">Por lo general, se recomienda una dosis de 800 microgramos de Misoprostol (4 tabletas de 200 mcg) v\u00eda sublingual, bucal o vaginal, con posibilidad de repetir la dosis seg\u00fan las instrucciones m\u00e9dicas.<\/p>\n<\/li>\n<li class=\"\" data-start=\"2147\" data-end=\"2227\">\n<p class=\"\" data-start=\"2149\" data-end=\"2227\">El intervalo de repetici\u00f3n depende de cada caso y la evaluaci\u00f3n profesional.<\/p>\n<\/li>\n<\/ul>\n<\/li>\n<li class=\"\" data-start=\"2228\" data-end=\"2413\">\n<p class=\"\" data-start=\"2230\" data-end=\"2255\"><strong data-start=\"2230\" data-end=\"2252\">Condiciones de uso<\/strong>:<\/p>\n<ul data-start=\"2258\" data-end=\"2413\">\n<li class=\"\" data-start=\"2258\" data-end=\"2413\">\n<p class=\"\" data-start=\"2260\" data-end=\"2413\">Lo ideal es contar con la supervisi\u00f3n de un\/a profesional de la salud y realizar una ecograf\u00eda previa para descartar riesgos como el embarazo ect\u00f3pico.<\/p>\n<\/li>\n<\/ul>\n<\/li>\n<li class=\"\" data-start=\"2414\" data-end=\"2617\">\n<p class=\"\" data-start=\"2416\" data-end=\"2435\"><strong data-start=\"2416\" data-end=\"2432\">Precauciones<\/strong>:<\/p>\n<ul data-start=\"2438\" data-end=\"2617\">\n<li class=\"\" data-start=\"2438\" data-end=\"2617\">\n<p class=\"\" data-start=\"2440\" data-end=\"2617\">No todas las mujeres son candidatas al <strong data-start=\"2479\" data-end=\"2522\">aborto farmacol\u00f3gico seguro en Colombia<\/strong>. Se debe tener un control adecuado, evaluar el tiempo de gestaci\u00f3n y las condiciones de salud.<\/p>\n<\/li>\n<\/ul>\n<\/li>\n<\/ul>\n<h3 class=\"\" data-start=\"2619\" data-end=\"2646\">Efectos secundarios<\/h3>\n<ul data-start=\"2648\" data-end=\"2904\">\n<li class=\"\" data-start=\"2648\" data-end=\"2742\">\n<p class=\"\" data-start=\"2650\" data-end=\"2742\"><strong data-start=\"2650\" data-end=\"2674\">Sangrado y calambres<\/strong>: Frecuentes y esperables, similares a un c\u00f3lico menstrual fuerte.<\/p>\n<\/li>\n<li class=\"\" data-start=\"2743\" data-end=\"2821\">\n<p class=\"\" data-start=\"2745\" data-end=\"2821\"><strong data-start=\"2745\" data-end=\"2775\">N\u00e1useas, v\u00f3mitos y diarrea<\/strong>: Comunes, pero por lo general transitorios.<\/p>\n<\/li>\n<li class=\"\" data-start=\"2822\" data-end=\"2904\">\n<p class=\"\" data-start=\"2824\" data-end=\"2904\"><strong data-start=\"2824\" data-end=\"2848\">Fiebre y escalofr\u00edos<\/strong>: Pueden aparecer, aunque suelen ser leves y temporales.<\/p>\n<\/li>\n<\/ul>\n<p class=\"\" data-start=\"2906\" data-end=\"3059\">Ante s\u00edntomas intensos o complicaciones, se debe acudir de inmediato a urgencias para prevenir riesgos mayores, como hemorragias excesivas o infecciones.<\/p>\n<p data-start=\"2906\" data-end=\"3059\"><a href=\"https:\/\/ayudainterrupcionembarazo.org\/\"><strong>RECIBE ORIENTACI\u00d3N PASO A PASO Y RESOLVER TODAS TUS DUDAS GRATIS CLIC AQUI<\/strong><\/a><\/p>\n<hr class=\"\" data-start=\"3061\" data-end=\"3064\" \/>\n<h2 class=\"\" data-start=\"3066\" data-end=\"3132\">Aspectos legales: <strong data-start=\"3090\" data-end=\"3132\">Causales legales de aborto en Colombia<\/strong><\/h2>\n<p class=\"\" data-start=\"3134\" data-end=\"3442\">En Colombia, la Corte Constitucional estableci\u00f3 inicialmente (Sentencia C-355 de 2006) tres causales para la <strong data-start=\"3243\" data-end=\"3283\">Interrupci\u00f3n Voluntaria del Embarazo<\/strong>. En 2022, se ampli\u00f3 la posibilidad de realizar la <strong data-start=\"3334\" data-end=\"3341\">IVE<\/strong> sin causales hasta la semana 24 de gestaci\u00f3n. Despu\u00e9s de ese periodo, siguen aplicando las causales:<\/p>\n<ol data-start=\"3444\" data-end=\"3615\">\n<li class=\"\" data-start=\"3444\" data-end=\"3493\">\n<p class=\"\" data-start=\"3447\" data-end=\"3493\"><strong data-start=\"3447\" data-end=\"3491\">Peligro para la vida o salud de la mujer<\/strong><\/p>\n<\/li>\n<li class=\"\" data-start=\"3494\" data-end=\"3551\">\n<p class=\"\" data-start=\"3497\" data-end=\"3551\"><strong data-start=\"3497\" data-end=\"3549\">Malformaciones fetales incompatibles con la vida<\/strong><\/p>\n<\/li>\n<li class=\"\" data-start=\"3552\" data-end=\"3615\">\n<p class=\"\" data-start=\"3555\" data-end=\"3615\"><strong data-start=\"3555\" data-end=\"3615\">Casos de violaci\u00f3n, incesto o inseminaci\u00f3n no consentida<\/strong><\/p>\n<\/li>\n<\/ol>\n<h3 class=\"\" data-start=\"3617\" data-end=\"3672\">Vinculaci\u00f3n del uso de Cytotec con la legalidad<\/h3>\n<p class=\"\" data-start=\"3674\" data-end=\"4022\">El uso de <strong data-start=\"3684\" data-end=\"3695\">Cytotec<\/strong> (Misoprostol) para la <strong data-start=\"3718\" data-end=\"3725\">IVE<\/strong> est\u00e1 amparado por la ley siempre que se cumpla con las disposiciones vigentes y se cuente con asesor\u00eda adecuada. Es crucial entender que la venta y distribuci\u00f3n del medicamento debe regirse por las normas sanitarias, y que la forma m\u00e1s segura de usarlo es bajo la orientaci\u00f3n de un\/a profesional.<\/p>\n<hr class=\"\" data-start=\"4024\" data-end=\"4027\" \/>\n<h2 class=\"\" data-start=\"4029\" data-end=\"4142\">Acceso a los servicios y precios: Disponibilidad de <strong data-start=\"4087\" data-end=\"4116\">Cytotec en l\u00ednea Colombia<\/strong> y en ciudades principales<\/h2>\n<p class=\"\" data-start=\"4144\" data-end=\"4497\">La disponibilidad de <strong data-start=\"4165\" data-end=\"4185\">Cytotec Colombia<\/strong> var\u00eda seg\u00fan la ciudad, la oferta de cl\u00ednicas y el acceso a la informaci\u00f3n. Muchas mujeres se preguntan <strong data-start=\"4289\" data-end=\"4324\">d\u00f3nde comprar Cytotec en Bogot\u00e1<\/strong>, <strong data-start=\"4326\" data-end=\"4370\">cu\u00e1l es el precio de Cytotec en Medell\u00edn<\/strong> o si existen <strong data-start=\"4384\" data-end=\"4420\">pastillas para abortar en Ibagu\u00e9<\/strong>, encontr\u00e1ndose con barreras como el mercado clandestino o la desinformaci\u00f3n.<\/p>\n<h3 class=\"\" data-start=\"6124\" data-end=\"6172\">Tabla de precios cytotec<\/h3>\n<p class=\"\" data-start=\"6174\" data-end=\"6578\">A continuaci\u00f3n, se muestra una <strong data-start=\"6205\" data-end=\"6237\">tabla comparativa de precios<\/strong> del paquete est\u00e1ndar de <strong data-start=\"6262\" data-end=\"6273\">Cytotec<\/strong> (4 tabletas de 200 mcg) en diferentes ciudades. Los valores son <strong data-start=\"6338\" data-end=\"6353\">aproximados<\/strong> y pueden variar seg\u00fan el proveedor, la disponibilidad y si se adquiere de manera legal o en el mercado informal. Siempre se recomienda verificar la autenticidad del producto y buscar asesor\u00eda de un\/a profesional de la salud.<\/p>\n<div class=\"overflow-x-auto contain-inline-size\">\n<table data-start=\"6580\" data-end=\"8703\">\n<thead data-start=\"6580\" data-end=\"6756\">\n<tr data-start=\"6580\" data-end=\"6756\">\n<th data-start=\"6580\" data-end=\"6601\"><strong data-start=\"6582\" data-end=\"6592\">Ciudad<\/strong><\/th>\n<th data-start=\"6601\" data-end=\"6630\"><strong data-start=\"6603\" data-end=\"6629\">Rango de precios (COP)<\/strong><\/th>\n<th data-start=\"6630\" data-end=\"6756\"><strong data-start=\"6632\" data-end=\"6649\">Observaciones<\/strong><\/th>\n<\/tr>\n<\/thead>\n<tbody data-start=\"6934\" data-end=\"8703\">\n<tr data-start=\"6934\" data-end=\"7117\">\n<td><strong data-start=\"6936\" data-end=\"6946\">Bogot\u00e1<\/strong><\/td>\n<td>120.000 \u2013 200.000<\/td>\n<td>Mayor oferta de cl\u00ednicas y farmacias. Recomendado adquirir con f\u00f3rmula m\u00e9dica o en sitios reconocidos para evitar falsificaciones.<\/td>\n<\/tr>\n<tr data-start=\"7118\" data-end=\"7293\">\n<td><strong data-start=\"7120\" data-end=\"7132\">Medell\u00edn<\/strong><\/td>\n<td>110.000 \u2013 190.000<\/td>\n<td>Existen varias organizaciones y fundaciones que brindan asesor\u00eda. Importante comparar precios para evitar especulaci\u00f3n.<\/td>\n<\/tr>\n<tr data-start=\"7294\" data-end=\"7469\">\n<td><strong data-start=\"7296\" data-end=\"7304\">Cali<\/strong><\/td>\n<td>130.000 \u2013 210.000<\/td>\n<td>Red de hospitales y fundaciones que ofrecen informaci\u00f3n y seguimiento m\u00e9dico.<\/td>\n<\/tr>\n<tr data-start=\"7470\" data-end=\"7646\">\n<td><strong data-start=\"7472\" data-end=\"7488\">Barranquilla<\/strong><\/td>\n<td>140.000 \u2013 220.000<\/td>\n<td>Puede haber mayor estigma social, lo que encarece el precio en algunos puntos de venta.<\/td>\n<\/tr>\n<tr data-start=\"7647\" data-end=\"7822\">\n<td><strong data-start=\"7649\" data-end=\"7662\">Cartagena<\/strong><\/td>\n<td>130.000 \u2013 200.000<\/td>\n<td>Se recomienda asesor\u00eda de fundaciones locales para un acceso seguro y legal.<\/td>\n<\/tr>\n<tr data-start=\"7823\" data-end=\"7998\">\n<td><strong data-start=\"7825\" data-end=\"7840\">Bucaramanga<\/strong><\/td>\n<td>120.000 \u2013 180.000<\/td>\n<td>Algunas IPS ofrecen el servicio de IVE con asesor\u00eda incluida, facilitando la consecuci\u00f3n del medicamento.<\/td>\n<\/tr>\n<tr data-start=\"7999\" data-end=\"8174\">\n<td><strong data-start=\"8001\" data-end=\"8011\">Ibagu\u00e9<\/strong><\/td>\n<td>130.000 \u2013 210.000<\/td>\n<td>El acceso puede resultar limitado, se recomienda corroborar la legitimidad del producto.<\/td>\n<\/tr>\n<tr data-start=\"8175\" data-end=\"8350\">\n<td><strong data-start=\"8177\" data-end=\"8186\">Pasto<\/strong><\/td>\n<td>120.000 \u2013 180.000<\/td>\n<td>Ciudad con menor oferta, por lo que muchas mujeres optan por adquirir <strong data-start=\"8296\" data-end=\"8325\">Cytotec en l\u00ednea Colombia<\/strong>.<\/td>\n<\/tr>\n<tr data-start=\"8351\" data-end=\"8526\">\n<td><strong data-start=\"8353\" data-end=\"8370\">Villavicencio<\/strong><\/td>\n<td>130.000 \u2013 200.000<\/td>\n<td>El acceso puede ser un desaf\u00edo en zonas rurales aleda\u00f1as, verificado en la capital es m\u00e1s confiable.<\/td>\n<\/tr>\n<tr data-start=\"8527\" data-end=\"8703\">\n<td><strong data-start=\"8529\" data-end=\"8549\">Otros municipios<\/strong><\/td>\n<td>150.000 \u2013 220.000<\/td>\n<td>En regiones m\u00e1s alejadas o con escasa regulaci\u00f3n, el precio puede dispararse y aumenta el riesgo de productos falsos.<\/td>\n<\/tr>\n<\/tbody>\n<\/table>\n<\/div>\n<blockquote data-start=\"8705\" data-end=\"8871\">\n<p class=\"\" data-start=\"8707\" data-end=\"8871\"><em data-start=\"8707\" data-end=\"8871\">Los precios aqu\u00ed mencionados son referenciales y no constituyen una garant\u00eda de disponibilidad real en cada ciudad. Se aconseja corroborar con fuentes confiables.<\/em><\/p>\n<\/blockquote>\n<hr class=\"\" data-start=\"8873\" data-end=\"8876\" \/>\n<p data-start=\"8878\" data-end=\"8962\"><a href=\"https:\/\/www.ventacytotecolombia.com\/\"><strong>RECIBE ORIENTACI\u00d3N PASO A PASO Y RESOLVER TODAS TUS DUDAS GRATIS CLIC AQUI<\/strong><\/a><\/p>\n<h2 class=\"\" data-start=\"8878\" data-end=\"8962\">Aspectos sociales y culturales: Percepci\u00f3n y estigma en las distintas ciudades<\/h2>\n<p class=\"\" data-start=\"8964\" data-end=\"9168\">El <strong data-start=\"8967\" data-end=\"9010\">aborto farmacol\u00f3gico seguro en Colombia<\/strong> contin\u00faa siendo un tema rodeado de juicios morales y religiosos. Algunas comunidades ven la <strong data-start=\"9103\" data-end=\"9143\">Interrupci\u00f3n Voluntaria del Embarazo<\/strong> como un tab\u00fa, generando:<\/p>\n<ul data-start=\"9170\" data-end=\"9654\">\n<li class=\"\" data-start=\"9170\" data-end=\"9291\">\n<p class=\"\" data-start=\"9172\" data-end=\"9291\"><strong data-start=\"9172\" data-end=\"9200\">Discriminaci\u00f3n y estigma<\/strong>: Muchas mujeres optan por el silencio o la clandestinidad para evitar el rechazo social.<\/p>\n<\/li>\n<li class=\"\" data-start=\"9292\" data-end=\"9464\">\n<p class=\"\" data-start=\"9294\" data-end=\"9464\"><strong data-start=\"9294\" data-end=\"9338\">Falta de educaci\u00f3n sexual y reproductiva<\/strong>: El desconocimiento de las leyes y de los protocolos m\u00e9dicos de seguridad incrementa el riesgo de procedimientos inseguros.<\/p>\n<\/li>\n<li class=\"\" data-start=\"9465\" data-end=\"9654\">\n<p class=\"\" data-start=\"9467\" data-end=\"9654\"><strong data-start=\"9467\" data-end=\"9507\">Vulnerabilidad de grupos espec\u00edficos<\/strong>: Mujeres j\u00f3venes, de bajos recursos, migrantes o pertenecientes a minor\u00edas \u00e9tnicas son las m\u00e1s propensas a enfrentar barreras de acceso y estigma.<\/p>\n<\/li>\n<\/ul>\n<p><a href=\"https:\/\/ayudainterrupcionembarazo.org\/\"><strong>RECIBE ORIENTACI\u00d3N PASO A PASO Y RESOLVER TODAS TUS DUDAS GRATIS CLIC AQUI<\/strong><\/a><\/p>\n<hr class=\"\" data-start=\"9656\" data-end=\"9659\" \/>\n<h2 class=\"\" data-start=\"9661\" data-end=\"9732\">Consejos pr\u00e1cticos y recomendaciones: Uso seguro y apoyo integral<\/h2>\n<h3 class=\"\" data-start=\"9734\" data-end=\"9810\">Gu\u00eda paso a paso para un <strong data-start=\"9767\" data-end=\"9810\">aborto farmacol\u00f3gico seguro en Colombia<\/strong><\/h3>\n<ol data-start=\"9812\" data-end=\"10587\">\n<li class=\"\" data-start=\"9812\" data-end=\"9964\">\n<p class=\"\" data-start=\"9815\" data-end=\"9964\"><strong data-start=\"9815\" data-end=\"9845\">Verificaci\u00f3n m\u00e9dica previa<\/strong>: Realizar una ecograf\u00eda para confirmar las semanas de gestaci\u00f3n y descartar complicaciones (como embarazo ect\u00f3pico).<\/p>\n<\/li>\n<li class=\"\" data-start=\"9965\" data-end=\"10125\">\n<p class=\"\" data-start=\"9968\" data-end=\"10125\"><strong data-start=\"9968\" data-end=\"9992\">Asesor\u00eda profesional<\/strong>: Consultar con un\/a m\u00e9dico\/a o personal de salud sexual y reproductiva para definir la dosis y v\u00eda de administraci\u00f3n m\u00e1s adecuada.<\/p>\n<\/li>\n<li class=\"\" data-start=\"10126\" data-end=\"10279\">\n<p class=\"\" data-start=\"10129\" data-end=\"10279\"><strong data-start=\"10129\" data-end=\"10161\">Acceder a fuentes confiables<\/strong>: Adquirir <strong data-start=\"10172\" data-end=\"10183\">Cytotec<\/strong> (Misoprostol) en lugares que garanticen su autenticidad y buenas pr\u00e1cticas de almacenamiento.<\/p>\n<\/li>\n<li class=\"\" data-start=\"10280\" data-end=\"10449\">\n<p class=\"\" data-start=\"10283\" data-end=\"10449\"><strong data-start=\"10283\" data-end=\"10310\">Monitoreo y seguimiento<\/strong>: Tras la administraci\u00f3n, controlar la intensidad del sangrado y el dolor. En caso de dudas, contactar a un servicio m\u00e9dico de urgencias.<\/p>\n<\/li>\n<li class=\"\" data-start=\"10450\" data-end=\"10587\">\n<p class=\"\" data-start=\"10453\" data-end=\"10587\"><strong data-start=\"10453\" data-end=\"10472\">Apoyo emocional<\/strong>: Considerar el acompa\u00f1amiento psicol\u00f3gico o el respaldo de redes de apoyo que brinden un espacio libre de juicios.<\/p>\n<\/li>\n<\/ol>\n<p class=\"\" data-start=\"10628\" data-end=\"10838\">Si necesitas <strong data-start=\"10641\" data-end=\"10676\">pastillas abortivas en Colombia<\/strong> o buscas orientaci\u00f3n sobre <strong data-start=\"10704\" data-end=\"10739\">d\u00f3nde comprar Cytotec en Bogot\u00e1<\/strong> o en cualquier otra ciudad, existen plataformas en l\u00ednea que ofrecen informaci\u00f3n y apoyo integral:<\/p>\n<ul data-start=\"10840\" data-end=\"11425\">\n<li class=\"\" data-start=\"10840\" data-end=\"11091\">\n<p class=\"\" data-start=\"10842\" data-end=\"11091\"><strong data-start=\"10842\" data-end=\"10905\"><a class=\"\" href=\"https:\/\/ventacytotecolombia.com\/\" target=\"_new\" rel=\"noopener\" data-start=\"10844\" data-end=\"10903\">ventacytotecolombia.com<\/a><\/strong>: Provee asesor\u00eda especializada sobre la obtenci\u00f3n de <strong data-start=\"10959\" data-end=\"10988\">Cytotec en l\u00ednea Colombia<\/strong>, protocolos de uso y acompa\u00f1amiento profesional para un <strong data-start=\"11045\" data-end=\"11088\">aborto farmacol\u00f3gico seguro en Colombia<\/strong>.<\/p>\n<\/li>\n<li class=\"\" data-start=\"11092\" data-end=\"11425\">\n<p class=\"\" data-start=\"11094\" data-end=\"11425\"><strong data-start=\"11094\" data-end=\"11169\"><a class=\"\" href=\"https:\/\/ayudainterrupcionembarazo.org\/\" target=\"_new\" rel=\"noopener\" data-start=\"11096\" data-end=\"11167\">ayudainterrupcionembarazo.org<\/a><\/strong>: Ofrece orientaci\u00f3n integral y apoyo emocional a mujeres que enfrentan un embarazo no deseado. Adem\u00e1s, brinda herramientas educativas, foros de consulta y un directorio de profesionales de la salud que realizan la <strong data-start=\"11384\" data-end=\"11424\">Interrupci\u00f3n Voluntaria del Embarazo<\/strong>.<\/p>\n<\/li>\n<\/ul>\n<p class=\"\" data-start=\"11427\" data-end=\"11694\">Estas p\u00e1ginas son un recurso valioso para quienes desean m\u00e1s informaci\u00f3n sobre el <strong data-start=\"11509\" data-end=\"11542\">precio de Cytotec en Medell\u00edn<\/strong>, la disponibilidad de <strong data-start=\"11565\" data-end=\"11601\">pastillas para abortar en Ibagu\u00e9<\/strong> o la forma de conseguir <strong data-start=\"11626\" data-end=\"11643\">Cytotec Pasto<\/strong> y <strong data-start=\"11646\" data-end=\"11671\">Cytotec Villavicencio<\/strong>, entre otras ciudades.<\/p>\n<p data-start=\"11427\" data-end=\"11694\"><a href=\"https:\/\/www.ventacytotecolombia.com\/\"><strong>OBT\u00c9N INFORMACI\u00d3N CONFIABLE SOBRE CYTOTEC CLICK AQUI<\/strong><\/a><\/p>\n<hr class=\"\" data-start=\"11696\" data-end=\"11699\" \/>\n<h2 class=\"\" data-start=\"11701\" data-end=\"11760\">Conclusi\u00f3n: Hacia una decisi\u00f3n informada y empoderada<\/h2>\n<p class=\"\" data-start=\"11762\" data-end=\"12143\">La <strong data-start=\"11765\" data-end=\"11805\">Interrupci\u00f3n Voluntaria del Embarazo<\/strong> con <strong data-start=\"11810\" data-end=\"11821\">Cytotec<\/strong> o <strong data-start=\"11824\" data-end=\"11839\">Misoprostol<\/strong> en Colombia es una opci\u00f3n cada vez m\u00e1s reconocida y respaldada por la ley, siempre y cuando se cumplan los requisitos de seguridad y acompa\u00f1amiento profesional. Aun as\u00ed, los prejuicios culturales, la desinformaci\u00f3n y la disparidad en el acceso a servicios de salud contin\u00faan siendo desaf\u00edos importantes.<\/p>\n<p class=\"\" data-start=\"12145\" data-end=\"12194\">Para tomar una decisi\u00f3n empoderada, es crucial:<\/p>\n<ul data-start=\"12195\" data-end=\"12427\">\n<li class=\"\" data-start=\"12195\" data-end=\"12258\">\n<p class=\"\" data-start=\"12197\" data-end=\"12258\">Obtener informaci\u00f3n confiable sobre los protocolos m\u00e9dicos.<\/p>\n<\/li>\n<li class=\"\" data-start=\"12259\" data-end=\"12361\">\n<p class=\"\" data-start=\"12261\" data-end=\"12361\">Conocer las <strong data-start=\"12273\" data-end=\"12315\">causales legales de aborto en Colombia<\/strong> y los plazos establecidos por la normativa.<\/p>\n<\/li>\n<li class=\"\" data-start=\"12362\" data-end=\"12427\">\n<p class=\"\" data-start=\"12364\" data-end=\"12427\">Buscar apoyo emocional y profesional durante todo el proceso.<\/p>\n<\/li>\n<\/ul>\n<p class=\"\" data-start=\"12429\" data-end=\"12658\">Con el respaldo de organizaciones y profesionales capacitados, es posible realizar una <strong data-start=\"12516\" data-end=\"12556\">Interrupci\u00f3n Voluntaria del Embarazo<\/strong> de manera segura y respetuosa, reafirmando el derecho de cada mujer a decidir sobre su propio cuerpo.<\/p>\n","protected":false},"excerpt":{"rendered":"<p>Lo esencial sobre Cytotec Colombia y Misoprostol Colombia En Colombia, el acceso a medicamentos como Cytotec (nombre comercial del Misoprostol) se ha convertido en una alternativa clave para la Interrupci\u00f3n Voluntaria del Embarazo (IVE). Muchas mujeres buscan estas tabletas para interrumpir un embarazo de manera segura y, en la mayor\u00eda de los casos, legal, especialmente [&hellip;]<\/p>\n","protected":false},"author":12,"featured_media":0,"parent":0,"menu_order":0,"comment_status":"closed","ping_status":"closed","template":"","meta":{"footnotes":""},"class_list":["post-5542","page","type-page","status-publish","hentry"],"_links":{"self":[{"href":"https:\/\/student-activity.binus.ac.id\/himdkv\/wp-json\/wp\/v2\/pages\/5542","targetHints":{"allow":["GET"]}}],"collection":[{"href":"https:\/\/student-activity.binus.ac.id\/himdkv\/wp-json\/wp\/v2\/pages"}],"about":[{"href":"https:\/\/student-activity.binus.ac.id\/himdkv\/wp-json\/wp\/v2\/types\/page"}],"author":[{"embeddable":true,"href":"https:\/\/student-activity.binus.ac.id\/himdkv\/wp-json\/wp\/v2\/users\/12"}],"replies":[{"embeddable":true,"href":"https:\/\/student-activity.binus.ac.id\/himdkv\/wp-json\/wp\/v2\/comments?post=5542"}],"version-history":[{"count":1,"href":"https:\/\/student-activity.binus.ac.id\/himdkv\/wp-json\/wp\/v2\/pages\/5542\/revisions"}],"predecessor-version":[{"id":5546,"href":"https:\/\/student-activity.binus.ac.id\/himdkv\/wp-json\/wp\/v2\/pages\/5542\/revisions\/5546"}],"wp:attachment":[{"href":"https:\/\/student-activity.binus.ac.id\/himdkv\/wp-json\/wp\/v2\/media?parent=5542"}],"curies":[{"name":"wp","href":"https:\/\/api.w.org\/{rel}","templated":true}]}}